{"id":2,"date":"2019-01-15T10:51:24","date_gmt":"2019-01-15T09:51:24","guid":{"rendered":"http:\/\/new.madrigaldecompiegne.fr\/?page_id=2"},"modified":"2026-05-04T12:15:46","modified_gmt":"2026-05-04T10:15:46","slug":"prochains-concerts","status":"publish","type":"page","link":"https:\/\/madrigaldecompiegne.fr\/","title":{"rendered":"Madrigal de Compi\u00e8gne"},"content":{"rendered":"\n<p><strong><em>30 mai 2026<\/em><\/strong><em>\u00a0&#8211; L&rsquo;Arche Salle Hosanna<\/em><br><strong><em>07 juin 2026<\/em><\/strong><em>\u00a0&#8211; \u00c9glise Saint-Paul des Sablons<\/em><\/p>\n\n\n<div class=\"wp-block-image\">\n<figure class=\"aligncenter size-full\"><a href=\"http:\/\/madrigaldecompiegne.fr\/wp-content\/uploads\/2026\/05\/Concerts_2026.png\"><img loading=\"lazy\" decoding=\"async\" width=\"1550\" height=\"1066\" src=\"http:\/\/madrigaldecompiegne.fr\/wp-content\/uploads\/2026\/05\/Concerts_2026.png\" alt=\"\" class=\"wp-image-376\" srcset=\"https:\/\/madrigaldecompiegne.fr\/wp-content\/uploads\/2026\/05\/Concerts_2026.png 1550w, https:\/\/madrigaldecompiegne.fr\/wp-content\/uploads\/2026\/05\/Concerts_2026-300x206.png 300w, https:\/\/madrigaldecompiegne.fr\/wp-content\/uploads\/2026\/05\/Concerts_2026-1024x704.png 1024w, https:\/\/madrigaldecompiegne.fr\/wp-content\/uploads\/2026\/05\/Concerts_2026-768x528.png 768w, https:\/\/madrigaldecompiegne.fr\/wp-content\/uploads\/2026\/05\/Concerts_2026-1536x1056.png 1536w\" sizes=\"auto, (max-width: 706px) 89vw, (max-width: 767px) 82vw, 740px\" \/><\/a><\/figure>\n<\/div>\n\n\n<p><\/p>\n\n\n\n<h2 class=\"wp-block-heading\">Pr\u00e9c\u00e9dents Concerts<\/h2>\n\n\n\n<figure class=\"wp-block-gallery has-nested-images columns-default is-cropped wp-block-gallery-1 is-layout-flex wp-block-gallery-is-layout-flex\">\n<figure class=\"wp-block-image size-large\"><img loading=\"lazy\" decoding=\"async\" width=\"628\" height=\"886\" data-id=\"368\" src=\"https:\/\/madrigaldecompiegne.fr\/wp-content\/uploads\/2025\/11\/Affiche_2025.png\" alt=\"\" class=\"wp-image-368\" srcset=\"https:\/\/madrigaldecompiegne.fr\/wp-content\/uploads\/2025\/11\/Affiche_2025.png 628w, https:\/\/madrigaldecompiegne.fr\/wp-content\/uploads\/2025\/11\/Affiche_2025-213x300.png 213w\" sizes=\"auto, (max-width: 628px) 100vw, 628px\" \/><figcaption class=\"wp-element-caption\">14 d\u00e9cembre 2025<\/figcaption><\/figure>\n\n\n\n<figure class=\"wp-block-image size-large\"><img loading=\"lazy\" decoding=\"async\" width=\"724\" height=\"1024\" data-id=\"362\" src=\"https:\/\/madrigaldecompiegne.fr\/wp-content\/uploads\/2025\/06\/Affiche_Juin_2025-724x1024.png\" alt=\"\" class=\"wp-image-362\" srcset=\"https:\/\/madrigaldecompiegne.fr\/wp-content\/uploads\/2025\/06\/Affiche_Juin_2025-724x1024.png 724w, https:\/\/madrigaldecompiegne.fr\/wp-content\/uploads\/2025\/06\/Affiche_Juin_2025-212x300.png 212w, https:\/\/madrigaldecompiegne.fr\/wp-content\/uploads\/2025\/06\/Affiche_Juin_2025-768x1086.png 768w, https:\/\/madrigaldecompiegne.fr\/wp-content\/uploads\/2025\/06\/Affiche_Juin_2025.png 794w\" sizes=\"auto, (max-width: 724px) 100vw, 724px\" \/><figcaption class=\"wp-element-caption\">15 Juin 2025<\/figcaption><\/figure>\n\n\n\n<figure class=\"wp-block-image size-large is-style-default\"><img loading=\"lazy\" decoding=\"async\" width=\"707\" height=\"999\" data-id=\"350\" src=\"https:\/\/madrigaldecompiegne.fr\/wp-content\/uploads\/2024\/11\/Affiche_Noel_2024.png\" alt=\"\" class=\"wp-image-350\" srcset=\"https:\/\/madrigaldecompiegne.fr\/wp-content\/uploads\/2024\/11\/Affiche_Noel_2024.png 707w, https:\/\/madrigaldecompiegne.fr\/wp-content\/uploads\/2024\/11\/Affiche_Noel_2024-212x300.png 212w\" sizes=\"auto, (max-width: 707px) 100vw, 707px\" \/><figcaption class=\"wp-element-caption\">15 d\u00e9cembre 2024<\/figcaption><\/figure>\n\n\n\n<figure class=\"wp-block-image size-large\"><img loading=\"lazy\" decoding=\"async\" width=\"710\" height=\"1024\" data-id=\"345\" src=\"https:\/\/madrigaldecompiegne.fr\/wp-content\/uploads\/2024\/04\/Rome_2024-710x1024.jpg\" alt=\"\" class=\"wp-image-345\" srcset=\"https:\/\/madrigaldecompiegne.fr\/wp-content\/uploads\/2024\/04\/Rome_2024-710x1024.jpg 710w, https:\/\/madrigaldecompiegne.fr\/wp-content\/uploads\/2024\/04\/Rome_2024-208x300.jpg 208w, https:\/\/madrigaldecompiegne.fr\/wp-content\/uploads\/2024\/04\/Rome_2024-768x1108.jpg 768w, https:\/\/madrigaldecompiegne.fr\/wp-content\/uploads\/2024\/04\/Rome_2024.jpg 1032w\" sizes=\"auto, (max-width: 710px) 100vw, 710px\" \/><figcaption class=\"wp-element-caption\">11 mai 2024<\/figcaption><\/figure>\n\n\n\n<figure class=\"wp-block-image size-large\"><img loading=\"lazy\" decoding=\"async\" width=\"1544\" height=\"2184\" data-id=\"322\" src=\"http:\/\/madrigaldecompiegne.fr\/wp-content\/uploads\/2023\/11\/Affiche_Noel_2023.jpg\" alt=\"\" class=\"wp-image-322\" srcset=\"https:\/\/madrigaldecompiegne.fr\/wp-content\/uploads\/2023\/11\/Affiche_Noel_2023.jpg 1544w, https:\/\/madrigaldecompiegne.fr\/wp-content\/uploads\/2023\/11\/Affiche_Noel_2023-212x300.jpg 212w, https:\/\/madrigaldecompiegne.fr\/wp-content\/uploads\/2023\/11\/Affiche_Noel_2023-724x1024.jpg 724w, https:\/\/madrigaldecompiegne.fr\/wp-content\/uploads\/2023\/11\/Affiche_Noel_2023-768x1086.jpg 768w, https:\/\/madrigaldecompiegne.fr\/wp-content\/uploads\/2023\/11\/Affiche_Noel_2023-1086x1536.jpg 1086w, https:\/\/madrigaldecompiegne.fr\/wp-content\/uploads\/2023\/11\/Affiche_Noel_2023-1448x2048.jpg 1448w\" sizes=\"auto, (max-width: 706px) 89vw, (max-width: 767px) 82vw, 740px\" \/><figcaption class=\"wp-element-caption\">17 d\u00e9cembre 2023<\/figcaption><\/figure>\n\n\n\n<figure class=\"wp-block-image size-large is-style-default\"><img loading=\"lazy\" decoding=\"async\" width=\"1080\" height=\"1524\" data-id=\"305\" src=\"http:\/\/madrigaldecompiegne.fr\/wp-content\/uploads\/2023\/05\/Concert_28052023.jpg\" alt=\"\" class=\"wp-image-305\" srcset=\"https:\/\/madrigaldecompiegne.fr\/wp-content\/uploads\/2023\/05\/Concert_28052023.jpg 1080w, https:\/\/madrigaldecompiegne.fr\/wp-content\/uploads\/2023\/05\/Concert_28052023-213x300.jpg 213w, https:\/\/madrigaldecompiegne.fr\/wp-content\/uploads\/2023\/05\/Concert_28052023-726x1024.jpg 726w, https:\/\/madrigaldecompiegne.fr\/wp-content\/uploads\/2023\/05\/Concert_28052023-768x1084.jpg 768w\" sizes=\"auto, (max-width: 706px) 89vw, (max-width: 767px) 82vw, 740px\" \/><figcaption class=\"wp-element-caption\">28 mai 2023<\/figcaption><\/figure>\n\n\n\n<figure class=\"wp-block-image size-large\"><a href=\"https:\/\/madrigaldecompiegne.fr\/wp-content\/uploads\/2022\/11\/Affiche_Noel_2022.png\"><img loading=\"lazy\" decoding=\"async\" width=\"1255\" height=\"1781\" data-id=\"301\" src=\"http:\/\/madrigaldecompiegne.fr\/wp-content\/uploads\/2022\/11\/Affiche_Noel_2022.png\" alt=\"\" class=\"wp-image-301\" srcset=\"https:\/\/madrigaldecompiegne.fr\/wp-content\/uploads\/2022\/11\/Affiche_Noel_2022.png 1255w, https:\/\/madrigaldecompiegne.fr\/wp-content\/uploads\/2022\/11\/Affiche_Noel_2022-211x300.png 211w, https:\/\/madrigaldecompiegne.fr\/wp-content\/uploads\/2022\/11\/Affiche_Noel_2022-722x1024.png 722w, https:\/\/madrigaldecompiegne.fr\/wp-content\/uploads\/2022\/11\/Affiche_Noel_2022-768x1090.png 768w, https:\/\/madrigaldecompiegne.fr\/wp-content\/uploads\/2022\/11\/Affiche_Noel_2022-1082x1536.png 1082w\" sizes=\"auto, (max-width: 706px) 89vw, (max-width: 767px) 82vw, 740px\" \/><\/a><figcaption class=\"wp-element-caption\">11 d\u00e9cembre 2022<\/figcaption><\/figure>\n\n\n\n<figure class=\"wp-block-image size-large\"><img loading=\"lazy\" decoding=\"async\" width=\"1755\" height=\"2481\" data-id=\"281\" src=\"http:\/\/madrigaldecompiegne.fr\/wp-content\/uploads\/2022\/05\/stjeanb_20220605.jpg\" alt=\"\" class=\"wp-image-281\" srcset=\"https:\/\/madrigaldecompiegne.fr\/wp-content\/uploads\/2022\/05\/stjeanb_20220605.jpg 1755w, https:\/\/madrigaldecompiegne.fr\/wp-content\/uploads\/2022\/05\/stjeanb_20220605-212x300.jpg 212w, https:\/\/madrigaldecompiegne.fr\/wp-content\/uploads\/2022\/05\/stjeanb_20220605-724x1024.jpg 724w, https:\/\/madrigaldecompiegne.fr\/wp-content\/uploads\/2022\/05\/stjeanb_20220605-768x1086.jpg 768w, https:\/\/madrigaldecompiegne.fr\/wp-content\/uploads\/2022\/05\/stjeanb_20220605-1087x1536.jpg 1087w, https:\/\/madrigaldecompiegne.fr\/wp-content\/uploads\/2022\/05\/stjeanb_20220605-1449x2048.jpg 1449w\" sizes=\"auto, (max-width: 706px) 89vw, (max-width: 767px) 82vw, 740px\" \/><figcaption class=\"wp-element-caption\">05 juin 2022<\/figcaption><\/figure>\n\n\n\n<figure class=\"wp-block-image size-large\"><img loading=\"lazy\" decoding=\"async\" width=\"919\" height=\"1295\" data-id=\"275\" src=\"http:\/\/madrigaldecompiegne.fr\/wp-content\/uploads\/2021\/11\/Affiche2021.png\" alt=\"\" class=\"wp-image-275\" srcset=\"https:\/\/madrigaldecompiegne.fr\/wp-content\/uploads\/2021\/11\/Affiche2021.png 919w, https:\/\/madrigaldecompiegne.fr\/wp-content\/uploads\/2021\/11\/Affiche2021-213x300.png 213w, https:\/\/madrigaldecompiegne.fr\/wp-content\/uploads\/2021\/11\/Affiche2021-727x1024.png 727w, https:\/\/madrigaldecompiegne.fr\/wp-content\/uploads\/2021\/11\/Affiche2021-768x1082.png 768w\" sizes=\"auto, (max-width: 706px) 89vw, (max-width: 767px) 82vw, 740px\" \/><figcaption class=\"wp-element-caption\">11 d\u00e9cembre 2021<\/figcaption><\/figure>\n\n\n\n<figure class=\"wp-block-image size-large\"><img loading=\"lazy\" decoding=\"async\" width=\"1755\" height=\"2481\" data-id=\"261\" src=\"http:\/\/madrigaldecompiegne.fr\/wp-content\/uploads\/2019\/12\/affiche20191215.jpg\" alt=\"\" class=\"wp-image-261\" srcset=\"https:\/\/madrigaldecompiegne.fr\/wp-content\/uploads\/2019\/12\/affiche20191215.jpg 1755w, https:\/\/madrigaldecompiegne.fr\/wp-content\/uploads\/2019\/12\/affiche20191215-212x300.jpg 212w, https:\/\/madrigaldecompiegne.fr\/wp-content\/uploads\/2019\/12\/affiche20191215-768x1086.jpg 768w, https:\/\/madrigaldecompiegne.fr\/wp-content\/uploads\/2019\/12\/affiche20191215-724x1024.jpg 724w\" sizes=\"auto, (max-width: 706px) 89vw, (max-width: 767px) 82vw, 740px\" \/><figcaption class=\"wp-element-caption\">15 d\u00e9cembre 2019<\/figcaption><\/figure>\n\n\n\n<figure class=\"wp-block-image size-large\"><img loading=\"lazy\" decoding=\"async\" width=\"424\" height=\"607\" data-id=\"238\" src=\"http:\/\/madrigaldecompiegne.fr\/wp-content\/uploads\/2019\/05\/tedesco-2.png\" alt=\"\" class=\"wp-image-238\" srcset=\"https:\/\/madrigaldecompiegne.fr\/wp-content\/uploads\/2019\/05\/tedesco-2.png 424w, https:\/\/madrigaldecompiegne.fr\/wp-content\/uploads\/2019\/05\/tedesco-2-210x300.png 210w\" sizes=\"auto, (max-width: 424px) 100vw, 424px\" \/><figcaption class=\"wp-element-caption\">16 juin 2019<\/figcaption><\/figure>\n\n\n\n<figure class=\"wp-block-image size-large is-style-default\"><img loading=\"lazy\" decoding=\"async\" width=\"452\" height=\"640\" data-id=\"237\" src=\"http:\/\/madrigaldecompiegne.fr\/wp-content\/uploads\/2019\/05\/Pierrefonds05mai2019.png\" alt=\"\" class=\"wp-image-237\" srcset=\"https:\/\/madrigaldecompiegne.fr\/wp-content\/uploads\/2019\/05\/Pierrefonds05mai2019.png 452w, https:\/\/madrigaldecompiegne.fr\/wp-content\/uploads\/2019\/05\/Pierrefonds05mai2019-212x300.png 212w\" sizes=\"auto, (max-width: 452px) 100vw, 452px\" \/><figcaption class=\"wp-element-caption\">05 mai 2019<\/figcaption><\/figure>\n<\/figure>\n","protected":false},"excerpt":{"rendered":"<p>30 mai 2026\u00a0&#8211; L&rsquo;Arche Salle Hosanna07 juin 2026\u00a0&#8211; \u00c9glise Saint-Paul des Sablons Pr\u00e9c\u00e9dents Concerts<\/p>\n","protected":false},"author":1,"featured_media":0,"parent":0,"menu_order":0,"comment_status":"closed","ping_status":"closed","template":"","meta":{"footnotes":""},"class_list":["post-2","page","type-page","status-publish","hentry"],"_links":{"self":[{"href":"https:\/\/madrigaldecompiegne.fr\/index.php?rest_route=\/wp\/v2\/pages\/2","targetHints":{"allow":["GET"]}}],"collection":[{"href":"https:\/\/madrigaldecompiegne.fr\/index.php?rest_route=\/wp\/v2\/pages"}],"about":[{"href":"https:\/\/madrigaldecompiegne.fr\/index.php?rest_route=\/wp\/v2\/types\/page"}],"author":[{"embeddable":true,"href":"https:\/\/madrigaldecompiegne.fr\/index.php?rest_route=\/wp\/v2\/users\/1"}],"replies":[{"embeddable":true,"href":"https:\/\/madrigaldecompiegne.fr\/index.php?rest_route=%2Fwp%2Fv2%2Fcomments&post=2"}],"version-history":[{"count":46,"href":"https:\/\/madrigaldecompiegne.fr\/index.php?rest_route=\/wp\/v2\/pages\/2\/revisions"}],"predecessor-version":[{"id":381,"href":"https:\/\/madrigaldecompiegne.fr\/index.php?rest_route=\/wp\/v2\/pages\/2\/revisions\/381"}],"wp:attachment":[{"href":"https:\/\/madrigaldecompiegne.fr\/index.php?rest_route=%2Fwp%2Fv2%2Fmedia&parent=2"}],"curies":[{"name":"wp","href":"https:\/\/api.w.org\/{rel}","templated":true}]}}